{"id":1555,"date":"2015-09-01T17:34:08","date_gmt":"2015-09-01T15:34:08","guid":{"rendered":"https:\/\/www.elsaregal.com\/contacto\/"},"modified":"2023-10-11T09:31:54","modified_gmt":"2023-10-11T07:31:54","slug":"contacto","status":"publish","type":"page","link":"https:\/\/www.elsaregal.com\/ca\/contacto\/","title":{"rendered":"Contacte"},"content":{"rendered":"<div class=\"wpb-content-wrapper\"><p>[vc_row el_class=&#8221;hidden-xs&#8221;][vc_column][vc_column_text]<\/p>\n<section class=\"row contact_intro\">\n<div class=\"container\">\n<div class=\"row inner m0\">\n<div class=\"col-sm-5 p0\"><img loading=\"lazy\" decoding=\"async\" class=\"alignnone wp-image-820\" style=\"margin-bottom: 0;\" src=\"http:\/\/www.elsaregal.com\/wp-content\/uploads\/2015\/09\/elsa_5383r2.png\" width=\"400\" height=\"485\" srcset=\"https:\/\/www.elsaregal.com\/wp-content\/uploads\/2015\/09\/elsa_5383r2.png 495w, https:\/\/www.elsaregal.com\/wp-content\/uploads\/2015\/09\/elsa_5383r2-248x300.png 248w\" sizes=\"auto, (max-width: 400px) 100vw, 400px\" \/><\/div>\n<div class=\"col-sm-7\">\n<h2>si tens algun dubte o vols enviar-nos Qualsevol suggeriment \u00a0contacta amb nosaltres.<\/h2>\n<p>Ens interessa la teua opini\u00f3<\/p>\n<div class=\"row m0 phone_fax\">\n<div class=\"fleft phone\"><i class=\"fa fa-phone\"><\/i>\u00a0\u00a0(+34) 962 351 312<\/div>\n<div class=\"fleft phone\"><i class=\"fa fa-whatsapp\"><\/i>\u00a0\u00a0 696 085 154<\/div>\n<div class=\"fleft fax\"><i class=\"fa fa-envelope-o\"><\/i>\u00a0 clinica@elsaregal.com<\/div>\n<\/div>\n<\/div>\n<\/div>\n<\/div>\n<\/section>\n<p>[\/vc_column_text][\/vc_column][\/vc_row][vc_row][vc_column el_class=&#8221;container&#8221;][vc_gmaps link=&#8221;#E-8_JTNDaWZyYW1lJTIwc3JjJTNEJTIyaHR0cHMlM0ElMkYlMkZ3d3cuZ29vZ2xlLmNvbSUyRm1hcHMlMkZlbWJlZCUzRnBiJTNEJTIxMW0xOCUyMTFtMTIlMjExbTMlMjExZDE1NTUuNDk4NDc2NDk2ODkyJTIxMmQtMC42MTU0ODAzMjM4MzI5NjA3JTIxM2QzOC43NjM3NzM4OTQ4NzI3MSUyMTJtMyUyMTFmMCUyMTJmMCUyMTNmMCUyMTNtMiUyMTFpMTAyNCUyMTJpNzY4JTIxNGYxMy4xJTIxM20zJTIxMW0yJTIxMXMweGQ2MTc4OTEwYjFlOTVmYiUyNTNBMHgyNGFjMWVlNDZlOWNhNzg0JTIxMnNFbHNhJTJCUmVnYWwlMkJNYWxkb25hZG8lMjE1ZTAlMjEzbTIlMjExc2NhJTIxMnNlcyUyMTR2MTQ3Njk2MTk5MTc3NiUyMiUyMHdpZHRoJTNEJTIyODAwJTIyJTIwaGVpZ2h0JTNEJTIyNjAwJTIyJTIwZnJhbWVib3JkZXIlM0QlMjIwJTIyJTIwc3R5bGUlM0QlMjJib3JkZXIlM0EwJTIyJTIwYWxsb3dmdWxsc2NyZWVuJTNFJTNDJTJGaWZyYW1lJTNF&#8221; size=&#8221;400&#8243; title=&#8221;Ubicaci\u00f3&#8221; el_class=&#8221;container&#8221;][\/vc_column][\/vc_row][vc_row css=&#8221;.vc_custom_1600270506017{margin-top: 39px !important;padding-left: 20px !important;}&#8221; el_class=&#8221;contact_address&#8221;][vc_column width=&#8221;2\/3&#8243;][vc_custom_heading text=&#8221;Envia&#8217;ns els teus dubtes o comentaris&#8221; font_container=&#8221;tag:h3|text_align:left&#8221; use_theme_fonts=&#8221;yes&#8221; el_class=&#8221;contact_section_title&#8221;]\n<div class=\"wpcf7 no-js\" id=\"wpcf7-f1553-o1\" lang=\"ca\" dir=\"ltr\" data-wpcf7-id=\"1553\">\n<div class=\"screen-reader-response\"><p role=\"status\" aria-live=\"polite\" aria-atomic=\"true\"><\/p> <ul><\/ul><\/div>\n<form action=\"\/ca\/wp-json\/wp\/v2\/pages\/1555#wpcf7-f1553-o1\" method=\"post\" class=\"wpcf7-form init\" aria-label=\"Formulari de contacte\" novalidate=\"novalidate\" data-status=\"init\">\n<div style=\"display: none;\">\n<input type=\"hidden\" name=\"_wpcf7\" value=\"1553\" \/>\n<input type=\"hidden\" name=\"_wpcf7_version\" value=\"6.0.5\" \/>\n<input type=\"hidden\" name=\"_wpcf7_locale\" value=\"ca\" \/>\n<input type=\"hidden\" name=\"_wpcf7_unit_tag\" value=\"wpcf7-f1553-o1\" \/>\n<input type=\"hidden\" name=\"_wpcf7_container_post\" value=\"0\" \/>\n<input type=\"hidden\" name=\"_wpcf7_posted_data_hash\" value=\"\" \/>\n<input type=\"hidden\" name=\"_wpcf7_recaptcha_response\" value=\"\" \/>\n<\/div>\n<p><span class=\"wpcf7-form-control-wrap\" data-name=\"Nombre\"><input size=\"40\" maxlength=\"400\" class=\"wpcf7-form-control wpcf7-text wpcf7-validates-as-required\" aria-required=\"true\" aria-invalid=\"false\" placeholder=\"Nom i cognoms\" value=\"\" type=\"text\" name=\"Nombre\" \/><\/span>\n<\/p>\n<p><span class=\"wpcf7-form-control-wrap\" data-name=\"correo-e\"><input size=\"40\" maxlength=\"400\" class=\"wpcf7-form-control wpcf7-email wpcf7-validates-as-required wpcf7-text wpcf7-validates-as-email\" aria-required=\"true\" aria-invalid=\"false\" placeholder=\"Correu electr\u00f2nic\" value=\"\" type=\"email\" name=\"correo-e\" \/><\/span>\n<\/p>\n<p><span class=\"wpcf7-form-control-wrap\" data-name=\"Telefono\"><input size=\"40\" maxlength=\"400\" class=\"wpcf7-form-control wpcf7-tel wpcf7-text wpcf7-validates-as-tel\" aria-invalid=\"false\" placeholder=\"Tel\u00e8fon\" value=\"\" type=\"tel\" name=\"Telefono\" \/><\/span>\n<\/p>\n<p><span class=\"wpcf7-form-control-wrap\" data-name=\"Observaciones\"><textarea cols=\"40\" rows=\"10\" maxlength=\"2000\" class=\"wpcf7-form-control wpcf7-textarea wpcf7-validates-as-required\" aria-required=\"true\" aria-invalid=\"false\" placeholder=\"Observacions\" name=\"Observaciones\"><\/textarea><\/span>\n<\/p>\n<p><span class=\"wpcf7-form-control-wrap\" data-name=\"aceptar-privacidad\"><span class=\"wpcf7-form-control wpcf7-acceptance\"><span class=\"wpcf7-list-item\"><input type=\"checkbox\" name=\"aceptar-privacidad\" value=\"1\" aria-invalid=\"false\" \/><\/span><\/span><\/span> He llegit i accepte la <a href=\"\/politica-de-privacidad\" target=\"_blank\">pol\u00edtica de privacitat<\/a>\n<\/p>\n<p><small>Les dades de car\u00e0cter personal que consten a la consulta seran tractades per ELSA REGAL MALDONADO. La seda finalitat \u00e9s donar resposta a les consultes i\/o gesti\u00f3 de cites. La legitimaci\u00f3 del tractament \u00e9s el teu consentiment. Totes les teues dadas no seran cedides a tercers. Tens dret a accedir, rectificar i suprimir les temes dades, aix\u00ed com altres drets com s'explica a la nostra <a href=\"\/politica-de-privacidad\" target=\"_blank\">pol\u00edtica de privacitat<\/a><\/small>\n<\/p>\n<p><input class=\"wpcf7-form-control wpcf7-submit has-spinner view_all\" type=\"submit\" value=\"Enviar\" \/>\n<\/p><p style=\"display: none !important;\" class=\"akismet-fields-container\" data-prefix=\"_wpcf7_ak_\"><label>&#916;<textarea name=\"_wpcf7_ak_hp_textarea\" cols=\"45\" rows=\"8\" maxlength=\"100\"><\/textarea><\/label><input type=\"hidden\" id=\"ak_js_1\" name=\"_wpcf7_ak_js\" value=\"162\"\/><script>document.getElementById( \"ak_js_1\" ).setAttribute( \"value\", ( new Date() ).getTime() );<\/script><\/p><div class=\"wpcf7-response-output\" aria-hidden=\"true\"><\/div>\n<\/form>\n<\/div>\n[\/vc_column][vc_column width=&#8221;1\/3&#8243;][vc_custom_heading text=&#8221;Direcci\u00f3&#8221; font_container=&#8221;tag:h3|text_align:left&#8221; use_theme_fonts=&#8221;yes&#8221; el_class=&#8221;contact_section_title&#8221;][vc_raw_html]JTNDZGl2JTIwY2xhc3MlM0QlMjJtZWRpYSUyMGFkZHJlc3NfbGluZSUyMiUzRSUwQSUzQ2RpdiUyMGNsYXNzJTNEJTIybWVkaWEtbGVmdCUyMGljb24lMjIlM0UlM0NpJTIwY2xhc3MlM0QlMjJmYSUyMGZhLW1hcC1tYXJrZXIlMjIlM0UlM0MlMkZpJTNFJTNDJTJGZGl2JTNFJTBBJTNDZGl2JTIwY2xhc3MlM0QlMjJtZWRpYS1ib2R5JTIwYWRkcmVzc190ZXh0JTIyJTNFQyUyRiUyMEJhdGFsbGElMjBMZXBhbnRvJTJDJTIwMTQlMjAtJTIwMXIlMjBCJTNDYnIlM0UlMEE0Njg4MCUyMEJPQ0FJUkVOVCUyMCUyOFZhbCVDMyVBOG5jaWElMjklM0MlMkZkaXYlM0UlMEElM0MlMkZkaXYlM0UlMEElM0NkaXYlMjBjbGFzcyUzRCUyMm1lZGlhJTIwYWRkcmVzc19saW5lJTIyJTNFJTBBJTNDZGl2JTIwY2xhc3MlM0QlMjJtZWRpYS1sZWZ0JTIwaWNvbiUyMiUzRSUzQ2klMjBjbGFzcyUzRCUyMmZhJTIwZmEtZW52ZWxvcGUlMjIlM0UlM0MlMkZpJTNFJTNDJTJGZGl2JTNFJTBBJTNDZGl2JTIwY2xhc3MlM0QlMjJtZWRpYS1ib2R5JTIwYWRkcmVzc190ZXh0JTIyJTNFJTNDYSUyMGhyZWYlM0QlMjJtYWlsdG8lM0FjbGluaWNhJTQwZWxzYXJlZ2FsLmNvbSUyMiUzRWNsaW5pY2ElNDBlbHNhcmVnYWwuY29tJTNDJTJGYSUzRSUzQyUyRmRpdiUzRSUwQSUzQyUyRmRpdiUzRSUwQSUwQSUzQ2RpdiUyMGNsYXNzJTNEJTIybWVkaWElMjBhZGRyZXNzX2xpbmUlMjIlM0UlMEElM0NkaXYlMjBjbGFzcyUzRCUyMm1lZGlhLWxlZnQlMjBpY29uJTIyJTNFJTNDaSUyMGNsYXNzJTNEJTIyZmElMjBmYS1waG9uZSUyMiUzRSUzQyUyRmklM0UlM0MlMkZkaXYlM0UlMEElM0NkaXYlMjBjbGFzcyUzRCUyMm1lZGlhLWJvZHklMjBhZGRyZXNzX3RleHQlMjIlM0U5NjIlMjAzNTElMjAzMTIlM0MlMkZkaXYlM0UlMEElMEElMEElM0NkaXYlMjBjbGFzcyUzRCUyMm1lZGlhJTIwYWRkcmVzc19saW5lJTIyJTNFJTBBJTNDZGl2JTIwY2xhc3MlM0QlMjJtZWRpYS1ib2R5JTIwYWRkcmVzc190ZXh0JTIyJTNFRGUlMjA5JTIwYSUyMDE4aCUyMGluaW50ZXJyb21wdWRhbWVudCUzQyUyRmRpdiUzRSUwQSUzQyUyRmRpdiUzRSUwQSUzQyUyRmRpdiUzRSUwQQ==[\/vc_raw_html][vc_row_inner][vc_column_inner width=&#8221;1\/6&#8243;][vc_icon icon_fontawesome=&#8221;fab fa-facebook&#8221; color=&#8221;sky&#8221; size=&#8221;lg&#8221; link=&#8221;url:https%3A%2F%2Fwww.facebook.com%2Fclinicaelsaregal||target:%20_blank|rel:nofollow&#8221;][\/vc_column_inner][vc_column_inner width=&#8221;1\/6&#8243;][vc_icon icon_fontawesome=&#8221;fab fa-instagram&#8221; color=&#8221;sky&#8221; size=&#8221;lg&#8221; link=&#8221;url:https%3A%2F%2Fwww.instagram.com%2Fclinicaelsaregal%2F||target:%20_blank|rel:nofollow&#8221;][\/vc_column_inner][vc_column_inner width=&#8221;1\/6&#8243;][\/vc_column_inner][vc_column_inner width=&#8221;1\/6&#8243;][\/vc_column_inner][vc_column_inner width=&#8221;1\/6&#8243;][\/vc_column_inner][vc_column_inner width=&#8221;1\/6&#8243;][\/vc_column_inner][\/vc_row_inner][\/vc_column][\/vc_row]<\/p>\n<\/div>","protected":false},"excerpt":{"rendered":"<p>[vc_row el_class=&#8221;hidden-xs&#8221;][vc_column][vc_column_text] si tens algun dubte o vols enviar-nos Qualsevol suggeriment \u00a0contacta amb nosaltres. Ens interessa la teua opini\u00f3 \u00a0\u00a0(+34) 962 351 312 \u00a0\u00a0 696 085 154 \u00a0 clinica@elsaregal.com [\/vc_column_text][\/vc_column][\/vc_row][vc_row][vc_column el_class=&#8221;container&#8221;][vc_gmaps link=&#8221;#E-8_JTNDaWZyYW1lJTIwc3JjJTNEJTIyaHR0cHMlM0ElMkYlMkZ3d3cuZ29vZ2xlLmNvbSUyRm1hcHMlMkZlbWJlZCUzRnBiJTNEJTIxMW0xOCUyMTFtMTIlMjExbTMlMjExZDE1NTUuNDk4NDc2NDk2ODkyJTIxMmQtMC42MTU0ODAzMjM4MzI5NjA3JTIxM2QzOC43NjM3NzM4OTQ4NzI3MSUyMTJtMyUyMTFmMCUyMTJmMCUyMTNmMCUyMTNtMiUyMTFpMTAyNCUyMTJpNzY4JTIxNGYxMy4xJTIxM20zJTIxMW0yJTIxMXMweGQ2MTc4OTEwYjFlOTVmYiUyNTNBMHgyNGFjMWVlNDZlOWNhNzg0JTIxMnNFbHNhJTJCUmVnYWwlMkJNYWxkb25hZG8lMjE1ZTAlMjEzbTIlMjExc2NhJTIxMnNlcyUyMTR2MTQ3Njk2MTk5MTc3NiUyMiUyMHdpZHRoJTNEJTIyODAwJTIyJTIwaGVpZ2h0JTNEJTIyNjAwJTIyJTIwZnJhbWVib3JkZXIlM0QlMjIwJTIyJTIwc3R5bGUlM0QlMjJib3JkZXIlM0EwJTIyJTIwYWxsb3dmdWxsc2NyZWVuJTNFJTNDJTJGaWZyYW1lJTNF&#8221; size=&#8221;400&#8243; title=&#8221;Ubicaci\u00f3&#8221; el_class=&#8221;container&#8221;][\/vc_column][\/vc_row][vc_row css=&#8221;.vc_custom_1600270506017{margin-top: 39px !important;padding-left: 20px !important;}&#8221; el_class=&#8221;contact_address&#8221;][vc_column width=&#8221;2\/3&#8243;][vc_custom_heading text=&#8221;Envia&#8217;ns els teus dubtes o comentaris&#8221; font_container=&#8221;tag:h3|text_align:left&#8221; use_theme_fonts=&#8221;yes&#8221; el_class=&#8221;contact_section_title&#8221;][\/vc_column][vc_column width=&#8221;1\/3&#8243;][vc_custom_heading text=&#8221;Direcci\u00f3&#8221; font_container=&#8221;tag:h3|text_align:left&#8221; use_theme_fonts=&#8221;yes&#8221; [&hellip;]<\/p>\n","protected":false},"author":1,"featured_media":0,"parent":0,"menu_order":0,"comment_status":"closed","ping_status":"closed","template":"","meta":{"footnotes":""},"class_list":["post-1555","page","type-page","status-publish","hentry"],"_links":{"self":[{"href":"https:\/\/www.elsaregal.com\/ca\/wp-json\/wp\/v2\/pages\/1555","targetHints":{"allow":["GET"]}}],"collection":[{"href":"https:\/\/www.elsaregal.com\/ca\/wp-json\/wp\/v2\/pages"}],"about":[{"href":"https:\/\/www.elsaregal.com\/ca\/wp-json\/wp\/v2\/types\/page"}],"author":[{"embeddable":true,"href":"https:\/\/www.elsaregal.com\/ca\/wp-json\/wp\/v2\/users\/1"}],"replies":[{"embeddable":true,"href":"https:\/\/www.elsaregal.com\/ca\/wp-json\/wp\/v2\/comments?post=1555"}],"version-history":[{"count":6,"href":"https:\/\/www.elsaregal.com\/ca\/wp-json\/wp\/v2\/pages\/1555\/revisions"}],"predecessor-version":[{"id":1695,"href":"https:\/\/www.elsaregal.com\/ca\/wp-json\/wp\/v2\/pages\/1555\/revisions\/1695"}],"wp:attachment":[{"href":"https:\/\/www.elsaregal.com\/ca\/wp-json\/wp\/v2\/media?parent=1555"}],"curies":[{"name":"wp","href":"https:\/\/api.w.org\/{rel}","templated":true}]}}